{"id":100,"date":"2017-08-16T11:22:49","date_gmt":"2017-08-16T09:22:49","guid":{"rendered":"http:\/\/ergotherapie-in-flensburg.de\/?page_id=100"},"modified":"2023-04-25T18:12:39","modified_gmt":"2023-04-25T16:12:39","slug":"skillstraining","status":"publish","type":"page","link":"https:\/\/ergotherapie-in-flensburg.de\/index.php\/skillstraining\/","title":{"rendered":"Skillstraining"},"content":{"rendered":"<div class=\"body\">\n<h5><a href=\"https:\/\/ergotherapie-in-flensburg.de\/wp-content\/uploads\/2023\/04\/Skillstrainig-1.pdf\" target=\"_blank\" rel=\"noopener\">AKTUELLER FLYER ZUM SKILLSTRAINING ALS DOWNLOAD&gt;&gt;&gt;<\/a><\/h5>\n<h1 class=\"page-title\" style=\"font-size: 16pt;\">Skillstraining<\/h1>\n<h5 style=\"padding-top: 0.1em; font-size: 0.8125rem;\">Skills-Training &#8211; nach der Dialektischen Behavioralen Therapie von Marsha Linehan ( DBT )<\/h5>\n<h5 style=\"padding-top: 0.1em;\">Was ist Skills-Training?<\/h5>\n<p>Ziel des Skills-Trainings ist, F\u00e4higkeiten = Skills zu lernen und zu verbessern, mit deren Hilfe Sie Verhaltens-, Gef\u00fchls- und Denkmuster ver\u00e4ndern k\u00f6nnen, die zu Schwierigkeiten und seelischen Belastungen in Ihrem Leben f\u00fchren.<\/p>\n<h5>Module des Skillstrainings<\/h5>\n<ul>\n<li>\u00a0<a href=\"http:\/\/ergotherapie-in-flensburg.de\/index.php\/achtsamkeit\/\">Innere Achtsamkeit<\/a><\/li>\n<li>\u00a0Stresstoleranz<\/li>\n<li>\u00a0Umgang mit Gef\u00fchlen und<\/li>\n<li>\u00a0Zwischenmenschliche Skills<\/li>\n<li>\u00a0Selbstwert<\/li>\n<\/ul>\n<p>Das Skills\u2013Training kann Ihnen helfen, wenn Sie Schwierigkeiten haben, Ihre Gef\u00fchle zu regulieren, z.B. bei Borderline- Pers\u00f6nlichkeitsst\u00f6rung oder Posttraumatischer Belastungsst\u00f6rung.<\/p>\n<p>Wir bieten Skills-Training sowohl als Einzeltherapie als auch in der Gruppe an.<\/p>\n<h5>Skills-Training als Einzeltherapie<\/h5>\n<p>In der Einzeltherapie k\u00f6nnen wir ganz individuell auf Ihre Diagnose und Ihre Schwierigkeiten eingehen und die Therapie dahingehend anpassen. Daf\u00fcr ben\u00f6tigen Sie eine Verordnung des behandelnden Arztes f\u00fcr psychisch-funktionelle Behandlung.<\/p>\n<h5>Voraussetzungen f\u00fcr die Teilnahme an der Skills-Gruppe<\/h5>\n<p>Sie sollten mindestens 16 Jahre alt und m\u00f6glichst auch in Einzeltherapie sein. Wir m\u00f6chten keine Paare oder Freunde in derselben Gruppe. Auch f\u00fcr Menschen, die durch Gewaltt\u00e4tigkeit auff\u00e4llig geworden sind, ist die Gruppe nicht geeignet.<\/p>\n<h5>Termine und Kosten der Skills-Gruppe<\/h5>\n<p>Die Gruppe findet immer Donnerstags von 16.00 Uhr &#8211; 17.30 Uhr in unserer Praxis statt. Ein vollst\u00e4ndiger Zyklus mit allen Modulen dauert 6 Monate.<\/p>\n<p>Die Beitr\u00e4ge sind pro Modul ( 8 Wochen ) im Voraus zu bezahlen und betragen 10.00 Euro pro Abend f\u00fcr TeilnehmerInnen mit Netto-Einkommen kleiner 1000.00 Euro bzw. 20.00 Euro pro Abend f\u00fcr TeilnehmerInnen mit Netto-Einkommen gr\u00f6\u00dfer 1000.00 Euro. Oder auf Verordnung des behandelten Arztes: Hierzu brauchen Sie eine Verordnung f\u00fcr Ergotherapie; psychisch-funktionelle Behandlung als Gruppentherapie.<\/p>\n<p>Ein Ausstieg ist jederzeit m\u00f6glich, allerdings werden schon gezahlte Beitr\u00e4ge nicht erstattet. Im Vorgespr\u00e4ch k\u00f6nnen Sie uns kennen lernen. Wir f\u00fchren eine Warteliste.<\/p>\n<\/div>\n","protected":false},"excerpt":{"rendered":"<p>AKTUELLER FLYER ZUM SKILLSTRAINING ALS DOWNLOAD&gt;&gt;&gt; Skillstraining Skills-Training &#8211; nach der Dialektischen Behavioralen Therapie von Marsha Linehan ( DBT ) Was ist Skills-Training? Ziel des Skills-Trainings ist, F\u00e4higkeiten = Skills &#8230;<\/p>\n","protected":false},"author":5,"featured_media":0,"parent":0,"menu_order":0,"comment_status":"closed","ping_status":"closed","template":"","meta":{"footnotes":""},"class_list":["post-100","page","type-page","status-publish","hentry"],"_links":{"self":[{"href":"https:\/\/ergotherapie-in-flensburg.de\/index.php\/wp-json\/wp\/v2\/pages\/100","targetHints":{"allow":["GET"]}}],"collection":[{"href":"https:\/\/ergotherapie-in-flensburg.de\/index.php\/wp-json\/wp\/v2\/pages"}],"about":[{"href":"https:\/\/ergotherapie-in-flensburg.de\/index.php\/wp-json\/wp\/v2\/types\/page"}],"author":[{"embeddable":true,"href":"https:\/\/ergotherapie-in-flensburg.de\/index.php\/wp-json\/wp\/v2\/users\/5"}],"replies":[{"embeddable":true,"href":"https:\/\/ergotherapie-in-flensburg.de\/index.php\/wp-json\/wp\/v2\/comments?post=100"}],"version-history":[{"count":20,"href":"https:\/\/ergotherapie-in-flensburg.de\/index.php\/wp-json\/wp\/v2\/pages\/100\/revisions"}],"predecessor-version":[{"id":2618,"href":"https:\/\/ergotherapie-in-flensburg.de\/index.php\/wp-json\/wp\/v2\/pages\/100\/revisions\/2618"}],"wp:attachment":[{"href":"https:\/\/ergotherapie-in-flensburg.de\/index.php\/wp-json\/wp\/v2\/media?parent=100"}],"curies":[{"name":"wp","href":"https:\/\/api.w.org\/{rel}","templated":true}]}}