{"id":111,"date":"2017-08-16T11:25:57","date_gmt":"2017-08-16T09:25:57","guid":{"rendered":"http:\/\/ergotherapie-in-flensburg.de\/?page_id=111"},"modified":"2024-11-04T16:42:54","modified_gmt":"2024-11-04T15:42:54","slug":"allgemeine-informationen","status":"publish","type":"page","link":"https:\/\/ergotherapie-in-flensburg.de\/index.php\/allgemeine-informationen\/","title":{"rendered":"Allgemeine Informationen"},"content":{"rendered":"<h3><strong>Allgemeine Informationen <\/strong><\/h3>\n<p><strong>\u00a0<\/strong><\/p>\n<p><strong>Wie erhalten Sie Ergotherapie?<\/strong><\/p>\n<p>F\u00fcr Ergotherapie ben\u00f6tigen Sie eine \u00e4rztliche Verordnung Ihres Hausarztes oder Facharztes (z.B. Rheumatologe, Orthop\u00e4din, Neurologe, Gyn\u00e4kologin oder Psychiater). Dieser Arzt verordnet die Anzahl der Behandlungen und die Art der Behandlung, sowie die Frequenz (Anzahl der Behandlungen pro Woche) laut Heilmittelverordnung. Dies ist abh\u00e4ngig von Ihrer Diagnose. Dies k\u00f6nnen folgende Behandlungen sein:<\/p>\n<ul>\n<li>Motorisch-funktionelle Behandlung<\/li>\n<li>Sensomotorisch-perzeptive Behandlung<\/li>\n<li>Hirnleistungstraining\/neuropsychologisch orientierte Behandlung<\/li>\n<li>Psychisch-funktionelle Behandlung<\/li>\n<li>Psychisch-funktionelle Behandlung als Gruppentherapie (F\u00fcr das <a href=\"https:\/\/ergotherapie-in-flensburg.de\/index.php\/skillstraining\/\">Skillstraining)<\/a><\/li>\n<\/ul>\n<p>Wenn es Ihnen aus gesundheitlichen Gr\u00fcnden nicht m\u00f6glich ist, in unsere Praxis zu kommen, kommen wir gerne zu Ihnen nach Hause. Dies muss Ihre \u00c4rztin auf der Verordnung vermerken.<\/p>\n<p>Unsere Zulassung umfasst die Behandlung von Patienten aller gesetzlichen und privaten Kassen sowie der Beihilfe. Zus\u00e4tzlich verf\u00fcgen wir \u00fcber die Zulassung der Berufsgenossenschaften.<\/p>\n<p>&nbsp;<\/p>\n<p>Ab 1. Januar 2021 k\u00f6nnen Psychologische Psychotherapeuten sowie Kinder- und Jugendlichenpsychotherapeuten auch Ergotherapie verordnen \u2013 allerdings nur bei psychischen Erkrankungen sowie bei bestimmten Erkrankungen des zentralen Nervensystems und Entwicklungsst\u00f6rungen.<\/p>\n<p>&nbsp;<\/p>\n<p><strong>Wie melden Sie sich bei uns an?<\/strong><\/p>\n<p>Wir bitten Sie, sich telefonisch, per E-Mail oder pers\u00f6nlich bei uns anzumelden. Nach der Anmeldung rufen wir Sie so schnell wie m\u00f6glich zur\u00fcck, in der Regel innerhalb der n\u00e4chsten zwei Tage.<br \/>\nW\u00e4hrend des ersten Termins wird ein Anamnesegespr\u00e4ch durchgef\u00fchrt, damit wir Ihre Schwierigkeiten und\/oder die Schwierigkeiten Ihres Kindes verstehen und gemeinsam mit Ihnen Ziele f\u00fcr die Therapie aufstellen k\u00f6nnen. Bitte beachten Sie dabei, dass der erste Termin vier Wochen nach Ausstellungsdatum der Verordnung erfolgen sollte, da die Verordnung sonst verf\u00e4llt.<\/p>\n<p>&nbsp;<\/p>\n<p><strong>Wie lange dauert eine ergotherapeutische Behandlung?<\/strong><\/p>\n<p>Die Dauer richtet sich nach der Ma\u00dfnahme, die Ihr Arzt nach dem Katalog der Heilmittelrichtlinien verordnet hat. Dieser w\u00e4hlt meistens zwischen den folgenden Ma\u00dfnahmen aus.<\/p>\n<ul>\n<li>Motorisch \u2013 funktionelle Behandlung: 30 Minuten<\/li>\n<li>Hirnleistungstraining\/neuropsychologisch orientierte Behandlung: 30 Minuten<\/li>\n<li>Sensomotorisch \u2013 perzeptive Behandlung: 45 Minuten<\/li>\n<li>Psychisch-funktionelle Behandlung: 60 Minuten<\/li>\n<li>Psychisch-funktionelle Behandlung als Gruppentherapie: Minuten<\/li>\n<\/ul>\n<p>&nbsp;<\/p>\n<p><strong>Gibt es Behandlungsobergrenzen f\u00fcr Ergotherapie?<\/strong><\/p>\n<p>Ergotherapie ist bei den Krankenkassen zun\u00e4chst nicht genehmigungspflichtig. Im Regelfall gibt es pro Diagnose feste Behandlungsobergrenzen. Einem behandlungsfreien Intervall von 12 Wochen liegt ein neuer Regelfall vor, dann k\u00f6nnen Sie erneut mit einer Ergotherapie beginnen.<\/p>\n<p>Die Zahl der gesamten Behandlungen richtet sich nach der medizinischen Diagnose und festgelegten Regelbehandlungszeiten.<\/p>\n<p>Auch nach \u00dcberschreiten der in den Richtlinien geregelten Gesamtverordnungsmengen ist eine Fortsetzung der Ergotherapie m\u00f6glich, wenn dies medizinisch angezeigt ist.<\/p>\n<p>L\u00e4sst sich das Therapieziel nicht mit der im Katalog vorgegebenen Gesamtverordnungsmenge an Heilmitteln erreichen, sind weitere Verordnungen au\u00dferhalb des Regelfalls (insbesondere l\u00e4ngerfristige Verordnungen) m\u00f6glich.<\/p>\n<p>Eine Verordnung au\u00dferhalb des Regelfalls bedarf einer in den Richtlinien nicht weiter spezifizierten weiterf\u00fchrenden Diagnostik, sowie einer besonderen Begr\u00fcndung (auf der Verordnung) mit prognostischer Einsch\u00e4tzung. Die Verordnungsmenge richtet sich dann nach den medizinischen Erfordernissen des Einzelfalls. Die Verordnungsmenge ist jedoch so zu bemessen, dass mindestens eine \u00e4rztliche Untersuchung innerhalb von 12 Wochen gew\u00e4hrleistet ist.<\/p>\n<p>Verordnungen au\u00dferhalb des Regelfalls sind (vom Patienten\/Versicherten oder einer von ihm beauftragten Person) vor der Fortsetzung der Therapie der zust\u00e4ndigen Krankenkasse zur Genehmigung vorzulegen. Krankenkassen k\u00f6nnen auf die Genehmigung im Einzelfall verzichten und hierdurch pauschal genehmigen.<\/p>\n<p>Ab Vorlage der Verordnung durch den Versicherten bei der Krankenkasse kann die Therapie fortgesetzt werden. Nach Beginn der Behandlung \u00fcbernimmt die Krankenkasse die Kosten des Heilmittels unabh\u00e4ngig vom Ergebnis der Entscheidung \u00fcber den Genehmigungsantrag, l\u00e4ngstens jedoch bis zum Zugang einer Entscheidung \u00fcber die Ablehnung der Genehmigung. Eine R\u00fcckforderung der Kosten bereits erbrachter Leistungen ist unzul\u00e4ssig.<\/p>\n<p>Seit April 2024 gibt es die M\u00f6glichkeit f\u00fcr die verordnende \u00c4rztin eine sogenannte Blankverordnung auszustellen. Auf dieser bleiben die Felder \u201eHeilmittel\u201c, \u201eerg\u00e4nzendes Heilmittel\u201c, \u201eBehandlungseinheiten\u201c und \u201eFrequenz\u201c frei und der Ergotherapeut\/die Ergotherapeutin kann diese, orientiert an dem Heilmittelkatalog, freier und passend f\u00fcr den jeweiligen Patienten w\u00e4hlen. Das er\u00f6ffnet beiden einen gr\u00f6\u00dferen Gestaltungsspielraum und bedeutet deutlich mehr Flexibilit\u00e4t in vielerlei Hinsicht.<\/p>\n","protected":false},"excerpt":{"rendered":"<p>Allgemeine Informationen \u00a0 Wie erhalten Sie Ergotherapie? F\u00fcr Ergotherapie ben\u00f6tigen Sie eine \u00e4rztliche Verordnung Ihres Hausarztes oder Facharztes (z.B. Rheumatologe, Orthop\u00e4din, Neurologe, Gyn\u00e4kologin oder Psychiater). Dieser Arzt verordnet die Anzahl &#8230;<\/p>\n","protected":false},"author":5,"featured_media":0,"parent":0,"menu_order":0,"comment_status":"closed","ping_status":"closed","template":"","meta":{"footnotes":""},"class_list":["post-111","page","type-page","status-publish","hentry"],"_links":{"self":[{"href":"https:\/\/ergotherapie-in-flensburg.de\/index.php\/wp-json\/wp\/v2\/pages\/111","targetHints":{"allow":["GET"]}}],"collection":[{"href":"https:\/\/ergotherapie-in-flensburg.de\/index.php\/wp-json\/wp\/v2\/pages"}],"about":[{"href":"https:\/\/ergotherapie-in-flensburg.de\/index.php\/wp-json\/wp\/v2\/types\/page"}],"author":[{"embeddable":true,"href":"https:\/\/ergotherapie-in-flensburg.de\/index.php\/wp-json\/wp\/v2\/users\/5"}],"replies":[{"embeddable":true,"href":"https:\/\/ergotherapie-in-flensburg.de\/index.php\/wp-json\/wp\/v2\/comments?post=111"}],"version-history":[{"count":14,"href":"https:\/\/ergotherapie-in-flensburg.de\/index.php\/wp-json\/wp\/v2\/pages\/111\/revisions"}],"predecessor-version":[{"id":2766,"href":"https:\/\/ergotherapie-in-flensburg.de\/index.php\/wp-json\/wp\/v2\/pages\/111\/revisions\/2766"}],"wp:attachment":[{"href":"https:\/\/ergotherapie-in-flensburg.de\/index.php\/wp-json\/wp\/v2\/media?parent=111"}],"curies":[{"name":"wp","href":"https:\/\/api.w.org\/{rel}","templated":true}]}}