{"id":114,"date":"2017-08-16T11:27:03","date_gmt":"2017-08-16T09:27:03","guid":{"rendered":"http:\/\/ergotherapie-in-flensburg.de\/?page_id=114"},"modified":"2017-09-06T15:43:31","modified_gmt":"2017-09-06T13:43:31","slug":"kontinenztraining","status":"publish","type":"page","link":"https:\/\/ergotherapie-in-flensburg.de\/index.php\/kontinenztraining\/","title":{"rendered":"Kontinenztraining"},"content":{"rendered":"<style type=\"text\/css\">\n.seitenleiste{position: absolute; width: 16em;font-size:10pt;padding-top:3.6em;}\n.navstyle{font-size: 10pt; letter-spacing: 1pt}\n.body{padding-left:19em}\na{font-weight:600}\n<\/style>\n<div class=\"seitenleiste\">\n<p class=\"navstyle\" style=\"color:#a81a54\">zur Zeit k\u00f6nnen wir diesen Kurs leider nicht anbieten<\/p>\n<\/div>\n<div class=\"body\">\n<h1 class=\"page-title\" style=\"font-size: 16pt;\">Kontinenztraining<\/h1>\n<h5 style=\"padding-top:0.1em\">F\u00fcr Frauen und M\u00e4nner bei Harn- und Stuhlinkontinenz.<\/h5>\n<p>St\u00f6rungen der Beckenbodenfunktion tragen dazu bei, dass die Kontrolle \u00fcber die Ausscheidung beeintr\u00e4chtigt ist. Ein konventionelles Beckenbodentraining ist im Ergebnis h\u00e4ufig ungen\u00fcgend. H\u00e4ufig f\u00e4llt es schwer, den eigenen Beckenboden zu lokalisieren, andere benachbarte Muskeln wie die Bauchmuskeln werden stattdessen oder gleichzeitig angespannt. Dadurch wird der Druck auf die Blase meist noch zus\u00e4tzlich erh\u00f6ht.<\/p>\n<h5>Wie hilft EMG-Biofeedback, die Kontinenz zu verbessern?<\/h5>\n<p>Mit der R\u00fcckmeldung durch ein therapeutisch begleitendes <a href=\"http:\/\/ergotherapie-in-flensburg.de\/index.php\/biofeedback\/\">EMG-Biofeedback<\/a> k\u00f6nnen diese \u00dcbungen besser erlernt und verfestigt werden. Bei einem EMG (Elektromyografie) wird die Muskelspannung gemessen. Hierbei arbeiten wir mit einer zweikanaligen Ableitung sowohl des Beckenbodens wie auch der Bauchmuskeln. Am Bildschirm sieht der Patient anhand einer Amplitude die St\u00e4rke der Muskelkontraktion. Durch visuelle und auditive Signale kann der Patient die Kontrolle \u00fcber die Intensit\u00e4t seiner Muskelkontraktionen des Beckenbodens erlernen, w\u00e4hrend gleichzeitig die Entspannung der Bauchmuskeln ge\u00fcbt wird.<br \/>\nDer Patient lernt von Anfang an mit Hilfe des Therapeuten eine sukzessive Anhebung der St\u00e4rke und Dauer der Willk\u00fcrkontraktion des Beckenbodens. Im Laufe des Trainings werden dabei auch verschiedene Herausforderungen des Alltags ge\u00fcbt, wie Lachen, Husten, B\u00fccken, Heben etc., je nach Ihrer individuellen Problemstellung.<\/p>\n<p>Die Vorteile der Behandlung bei Inkontinenz, mit vom Therapeuten begleitetem EMG-Biofeedback, sind eine gezieltere Behandlung, schnellere und vor allem anhaltende Erfolge. Fehler k\u00f6nnen korrigiert und Schwerpunkte nach Bedarf verlagert werden. Der Patient erh\u00e4lt wieder mehr Lebensqualit\u00e4t.<\/p>\n<p>Auch bei \u00e4lteren Menschen ist das Kontinenztraining mit EMG-Biofeedback durchaus noch eine Erfolg versprechende Behandlungsalternative.<br \/>\nUnterst\u00fctzend zur Therapie mit EMG-Biofeedback wenden wir auch \u00dcbungen auf dem <a href=\"http:\/\/ergotherapie-in-flensburg.de\/index.php\/schwingungs-vibrotraining\/\">Schwingungsger\u00e4t<\/a> an. Dadurch wird die Muskelfunktion und Muskelkraft des Beckenbodens zus\u00e4tzlich effektiv trainiert.<br \/>\nEin weiteres Ziel der begleitenden therapeutischen Behandlung ist, das Trink- und Miktionsverhalten zu verbessern, Vermeidungstendenzen, sowie dysfunktionale Verhaltensweisen zu mindern und das F\u00fcllvolumina der Blase zu erh\u00f6hen, sowie die Einweisung in den Gebrauch ambulanter Heimger\u00e4te.\n<\/div>\n","protected":false},"excerpt":{"rendered":"<p>zur Zeit k\u00f6nnen wir diesen Kurs leider nicht anbieten Kontinenztraining F\u00fcr Frauen und M\u00e4nner bei Harn- und Stuhlinkontinenz. St\u00f6rungen der Beckenbodenfunktion tragen dazu bei, dass die Kontrolle \u00fcber die Ausscheidung &#8230;<\/p>\n","protected":false},"author":5,"featured_media":0,"parent":0,"menu_order":0,"comment_status":"closed","ping_status":"closed","template":"","meta":{"footnotes":""},"class_list":["post-114","page","type-page","status-publish","hentry"],"_links":{"self":[{"href":"https:\/\/ergotherapie-in-flensburg.de\/index.php\/wp-json\/wp\/v2\/pages\/114","targetHints":{"allow":["GET"]}}],"collection":[{"href":"https:\/\/ergotherapie-in-flensburg.de\/index.php\/wp-json\/wp\/v2\/pages"}],"about":[{"href":"https:\/\/ergotherapie-in-flensburg.de\/index.php\/wp-json\/wp\/v2\/types\/page"}],"author":[{"embeddable":true,"href":"https:\/\/ergotherapie-in-flensburg.de\/index.php\/wp-json\/wp\/v2\/users\/5"}],"replies":[{"embeddable":true,"href":"https:\/\/ergotherapie-in-flensburg.de\/index.php\/wp-json\/wp\/v2\/comments?post=114"}],"version-history":[{"count":16,"href":"https:\/\/ergotherapie-in-flensburg.de\/index.php\/wp-json\/wp\/v2\/pages\/114\/revisions"}],"predecessor-version":[{"id":808,"href":"https:\/\/ergotherapie-in-flensburg.de\/index.php\/wp-json\/wp\/v2\/pages\/114\/revisions\/808"}],"wp:attachment":[{"href":"https:\/\/ergotherapie-in-flensburg.de\/index.php\/wp-json\/wp\/v2\/media?parent=114"}],"curies":[{"name":"wp","href":"https:\/\/api.w.org\/{rel}","templated":true}]}}