{"id":140,"date":"2017-08-16T16:28:27","date_gmt":"2017-08-16T14:28:27","guid":{"rendered":"http:\/\/ergotherapie-in-flensburg.de\/?page_id=140"},"modified":"2023-03-25T16:41:38","modified_gmt":"2023-03-25T15:41:38","slug":"tiergestuetzte-therapie","status":"publish","type":"page","link":"https:\/\/ergotherapie-in-flensburg.de\/index.php\/tiergestuetzte-therapie\/","title":{"rendered":"Tiergest\u00fctzte Therapie"},"content":{"rendered":"<div class=\"seitenleiste\"><img loading=\"lazy\" decoding=\"async\" class=\"\" src=\"http:\/\/ergotherapie-in-flensburg.de\/wp-content\/uploads\/2017\/08\/HundGraustufen.jpg\" alt=\"Unser Therapiehund Odin\" width=\"227\" height=\"227\" \/><\/div>\n<div class=\"body\">\n<h3 class=\"page-title\" style=\"font-size: 16pt;\">Tiergest\u00fctzte Ergotherapie<\/h3>\n<p>Es ist immer wieder erstaunlich, dass manchmal Tiere mehr in Bewegung bringen als ein noch so gut gemeintes Bem\u00fchen von Menschen. Dies trifft umso mehr zu, wenn es sich um Tiere mit einer qualifizierten Ausbildung, wie zum Beispiel Therapiehunden, handelt.<\/p>\n<h5>Tiergest\u00fctzte Therapie bei Demenz<\/h5>\n<p>Bei Menschen mit einer demenziellen Erkrankung f\u00fchrt die Begegnung mit einem Tier h\u00e4ufig zu einer kurzfristigen allgemeinen Aktivierung. Wenn dies therapeutisch begleitet wird, kann die kognitive, motorische und emotionale Aktivierung dazu beitragen, Ressourcen zu erhalten und damit den Abbauprozess zu verlangsamen. Dies ist zwar auch bei einer reinen ergotherapeutischen Behandlung nachgewiesen,\u00a0 aber der zus\u00e4tzliche Einsatz eines Therapiehundes scheint diesen Prozess zu verst\u00e4rken.<\/p>\n<h5>Tiergest\u00fctzte Therapie bei Autismus<\/h5>\n<p>In der Autismus-Therapie bestehen schon seit Jahrzehnten positive Erfahrungen mit dem Einsatz von Tieren. Sie wecken die Neugierde und k\u00f6nnen so den Zugang zur belebten Welt er\u00f6ffnen und bereichern. Die Wahrnehmung der Umwelt und das Teilnehmen an ihr wird ein bisschen mehr.\u00a0 Der Einsatz eines Therapiehundes zusammen mit einer qualifizierten Therapeutin hat dabei den Vorteil, dass der Hund auch, wenn er gekniffen oder bedroht wird nicht schnappt oder gar bei\u00dft, sondern die Therapeutin die Situation l\u00f6sen l\u00e4sst.<\/p>\n<h5>Tiergest\u00fctzte Therapie bei neurologischen Erkrankungen<\/h5>\n<p>In der Behandlung von Menschen mit <a href=\"http:\/\/ergotherapie-in-flensburg.de\/index.php\/neurologische-erkrankungen\/\">neurologischen St\u00f6rungen<\/a> gibt es verschiedene M\u00f6glichkeiten, mit dem Therapiehund zu arbeiten. Mit dem Einsatz des Therapiehundes ist es m\u00f6glich Spastiken zu l\u00f6sen, um danach mit gezielten therapeutischen Anwendungen Bewegungen anzubahnen. Der Hund kann am Menschen gelagert werden und tr\u00e4gt damit zur Tonusregulierung bei, zur Atemberuhigung sowie zur allgemeinen Entspannung. Streicheln des Hundes und vom diesem geschleckt zu werden f\u00f6rdert die Sensibilit\u00e4t und Wahrnehmung.<\/p>\n<h5>Tiergest\u00fctzte Therapie bei Depressionen<\/h5>\n<p>Tiergest\u00fctzte Therapie r\u00fcckt auch in der Behandlung von Depressionen in das Interesse von professionellen Behandlern. Erkenntnisse, dass der Umgang mit Tieren Stress und Angst mindert, zur Verbesserung des Selbstvertrauens beitr\u00e4gt und eine beruhigende Wirkung hat, scheinen gesichert. Der Einsatz von Tieren kann, so die Hoffnung, mitunter zu einer Verk\u00fcrzung der Behandlungsdauer f\u00fchren. Dr. Andreas Sobottka der Klinik Marienheide startete im Januar 2011 eine Studie \u00fcber den Einfluss tiergest\u00fctzter Therapie auf depressive Symptome und emotionales Erleben bei allgemeinpsychiatrischen Patienten. Die praktische Erfahrung zeigt, dass die Hinzunahme von Tieren in die Therapie den Behandlungsprozess positiv beeinflusst.<\/p>\n<p>Dar\u00fcber hinaus helfen Tiere die Lust an Bewegung zu steigern und k\u00f6nnen dazu beitragen, Bewegungseinschr\u00e4nkungen abzubauen und f\u00fchren zu einer motorischen Aktivierung. Das wird genutzt um Heilungsprozesse zu beschleunigen, motorische Defizite spielerisch zu verringern und \u00dcbergewicht zu reduzieren.<\/p>\n<\/div>\n","protected":false},"excerpt":{"rendered":"<p>Tiergest\u00fctzte Ergotherapie Es ist immer wieder erstaunlich, dass manchmal Tiere mehr in Bewegung bringen als ein noch so gut gemeintes Bem\u00fchen von Menschen. Dies trifft umso mehr zu, wenn es &#8230;<\/p>\n","protected":false},"author":5,"featured_media":0,"parent":0,"menu_order":0,"comment_status":"closed","ping_status":"closed","template":"","meta":{"footnotes":""},"class_list":["post-140","page","type-page","status-publish","hentry"],"_links":{"self":[{"href":"https:\/\/ergotherapie-in-flensburg.de\/index.php\/wp-json\/wp\/v2\/pages\/140","targetHints":{"allow":["GET"]}}],"collection":[{"href":"https:\/\/ergotherapie-in-flensburg.de\/index.php\/wp-json\/wp\/v2\/pages"}],"about":[{"href":"https:\/\/ergotherapie-in-flensburg.de\/index.php\/wp-json\/wp\/v2\/types\/page"}],"author":[{"embeddable":true,"href":"https:\/\/ergotherapie-in-flensburg.de\/index.php\/wp-json\/wp\/v2\/users\/5"}],"replies":[{"embeddable":true,"href":"https:\/\/ergotherapie-in-flensburg.de\/index.php\/wp-json\/wp\/v2\/comments?post=140"}],"version-history":[{"count":9,"href":"https:\/\/ergotherapie-in-flensburg.de\/index.php\/wp-json\/wp\/v2\/pages\/140\/revisions"}],"predecessor-version":[{"id":2541,"href":"https:\/\/ergotherapie-in-flensburg.de\/index.php\/wp-json\/wp\/v2\/pages\/140\/revisions\/2541"}],"wp:attachment":[{"href":"https:\/\/ergotherapie-in-flensburg.de\/index.php\/wp-json\/wp\/v2\/media?parent=140"}],"curies":[{"name":"wp","href":"https:\/\/api.w.org\/{rel}","templated":true}]}}