{"id":143,"date":"2017-08-16T16:37:42","date_gmt":"2017-08-16T14:37:42","guid":{"rendered":"http:\/\/ergotherapie-in-flensburg.de\/?page_id=143"},"modified":"2017-09-06T15:36:01","modified_gmt":"2017-09-06T13:36:01","slug":"schulschwierigkeiten","status":"publish","type":"page","link":"https:\/\/ergotherapie-in-flensburg.de\/index.php\/schulschwierigkeiten\/","title":{"rendered":"Schulschwierigkeiten"},"content":{"rendered":"<style type=\"text\/css\">a{font-weight:600}<\/style>\n<div style=\"padding-left:300px\">\n<h1 class=\"page-title\" style=\"font-size: 16pt;\">Schulschwierigkeiten<\/h1>\n<p>Wir bieten qualifizierte Therapie, zum Teil mit intensivem h\u00e4uslichen \u00dcbungsprogramm bei:<\/p>\n<ul>\n<li>Lese- und Rechtschreibschw\u00e4che\/Legasthenie<\/li>\n<li>Rechenschw\u00e4che\/Dyskalkulie<\/li>\n<li>Verhaltensst\u00f6rungen<\/li>\n<li>Aufmerksamkeitsproblemen und Konzentrationsmangel, z.b. bei AD(H)S<\/li>\n<\/ul>\n<p>Unser spezielles Therapieangebot:<\/p>\n<ul>\n<li><a href=\"http:\/\/ergotherapie-in-flensburg.de\/index.php\/neurofeedback\/\">Neurofeedback<\/a><\/li>\n<li><a href=\"http:\/\/ergotherapie-in-flensburg.de\/index.php\/biofeedback\/\">Biofeedback<\/a><\/li>\n<li>Computergest\u00fctztes Training bei Rechenschw\u00e4che\/Dyskalkulie<\/li>\n<\/ul>\n<\/div>\n","protected":false},"excerpt":{"rendered":"<p>Schulschwierigkeiten Wir bieten qualifizierte Therapie, zum Teil mit intensivem h\u00e4uslichen \u00dcbungsprogramm bei: Lese- und Rechtschreibschw\u00e4che\/Legasthenie Rechenschw\u00e4che\/Dyskalkulie Verhaltensst\u00f6rungen Aufmerksamkeitsproblemen und Konzentrationsmangel, z.b. bei AD(H)S Unser spezielles Therapieangebot: Neurofeedback Biofeedback Computergest\u00fctztes Training &#8230;<\/p>\n","protected":false},"author":5,"featured_media":0,"parent":0,"menu_order":0,"comment_status":"closed","ping_status":"closed","template":"","meta":{"footnotes":""},"class_list":["post-143","page","type-page","status-publish","hentry"],"_links":{"self":[{"href":"https:\/\/ergotherapie-in-flensburg.de\/index.php\/wp-json\/wp\/v2\/pages\/143","targetHints":{"allow":["GET"]}}],"collection":[{"href":"https:\/\/ergotherapie-in-flensburg.de\/index.php\/wp-json\/wp\/v2\/pages"}],"about":[{"href":"https:\/\/ergotherapie-in-flensburg.de\/index.php\/wp-json\/wp\/v2\/types\/page"}],"author":[{"embeddable":true,"href":"https:\/\/ergotherapie-in-flensburg.de\/index.php\/wp-json\/wp\/v2\/users\/5"}],"replies":[{"embeddable":true,"href":"https:\/\/ergotherapie-in-flensburg.de\/index.php\/wp-json\/wp\/v2\/comments?post=143"}],"version-history":[{"count":9,"href":"https:\/\/ergotherapie-in-flensburg.de\/index.php\/wp-json\/wp\/v2\/pages\/143\/revisions"}],"predecessor-version":[{"id":799,"href":"https:\/\/ergotherapie-in-flensburg.de\/index.php\/wp-json\/wp\/v2\/pages\/143\/revisions\/799"}],"wp:attachment":[{"href":"https:\/\/ergotherapie-in-flensburg.de\/index.php\/wp-json\/wp\/v2\/media?parent=143"}],"curies":[{"name":"wp","href":"https:\/\/api.w.org\/{rel}","templated":true}]}}