{"id":21,"date":"2017-08-07T17:42:27","date_gmt":"2017-08-07T15:42:27","guid":{"rendered":"http:\/\/ergotherapie-in-flensburg.de\/?page_id=21"},"modified":"2024-12-11T17:34:21","modified_gmt":"2024-12-11T16:34:21","slug":"kontakt","status":"publish","type":"page","link":"https:\/\/ergotherapie-in-flensburg.de\/index.php\/kontakt\/","title":{"rendered":"Kontakt"},"content":{"rendered":"<div class=\"body\">\n<h1 class=\"page-title\" style=\"font-size: 16pt;\">Kontakt<\/h1>\n<p>Unsere Praxis erreichen Sie bequem auf allen Wegen, mit dem Auto, Fahrrad oder Bus.<br \/>\nDirekt vor der Praxis halten die Busse der Linie 1 (in Richtung Krusau\/DK) und 7 (in Richtung Am Lachsbach) an der Haltestelle Bauerland Stra\u00dfe.<\/p>\n<p>Sollten Sie mit dem Auto kommen, stehen unseren Patienten, um die Ecke, in der Feldstra\u00dfe reservierte Parkpl\u00e4tze zur Verf\u00fcgung. Diese erreichen Sie wenn Sie \u00fcber die Einfahrt des K\u00f8bmandsg\u00e5rden und dann nach links fahren.<\/p>\n<p>Sollten Sie Fragen haben, rufen Sie uns an oder schreiben Sie eine E-Mail.<\/p>\n<p>&nbsp;<\/p>\n<\/div>\n<div class=\"seitenleiste\">\n<h4 class=\"page-title navstyle\">Kontaktdaten<\/h4>\n<p>Praxis f\u00fcr Ergotherapie<br \/>\nAnnika Gerdau<br \/>\nApenrader Stra\u00dfe 4<br \/>\n24939 Flensburg<\/p>\n<h4 class=\"navstyle\">Telefon 3. Etage<\/h4>\n<p><a style=\"font-size: 11px;\" href=\"tel:+4946166350078\">0461 \u2013 663 500 78<\/a><\/p>\n<h4 class=\"navstyle\">Telefon Souterrain<\/h4>\n<p><a style=\"font-size: 11px;\" href=\"tel:+4946166353830\">0461 \u2013 663 538 30<\/a><\/p>\n<h4 class=\"navstyle\">Fax<\/h4>\n<p><a style=\"font-size: 11px;\" href=\"fax:+4946166350079\">0461 \u2013 663 500 79<\/a><\/p>\n<h4 class=\"navstyle\">E-Mail<\/h4>\n<p><a style=\"font-size: 11px;\" href=\"mailto:info@ergotherapie-in-flensburg.de\">info@ergotherapie-in-flensburg.de<\/a><\/p>\n<div><iframe loading=\"lazy\" style=\"border: 0;\" src=\"https:\/\/www.google.com\/maps\/embed?pb=!1m18!1m12!1m3!1d2299.8546804614653!2d9.42111871547076!3d54.8000972725286!2m3!1f0!2f0!3f0!3m2!1i1024!2i768!4f13.1!3m3!1m2!1s0x47b342cf4513e9e5%3A0x81b2bf1b8a4d391c!2sApenrader+Str.+4!5e0!3m2!1sde!2sde!4v1504194756413\" width=\"250\" height=\"250\" frameborder=\"0\" allowfullscreen=\"allowfullscreen\"><\/iframe><\/div>\n<\/div>\n","protected":false},"excerpt":{"rendered":"<p>Kontakt Unsere Praxis erreichen Sie bequem auf allen Wegen, mit dem Auto, Fahrrad oder Bus. Direkt vor der Praxis halten die Busse der Linie 1 (in Richtung Krusau\/DK) und 7 &#8230;<\/p>\n","protected":false},"author":5,"featured_media":0,"parent":0,"menu_order":0,"comment_status":"closed","ping_status":"closed","template":"","meta":{"footnotes":""},"class_list":["post-21","page","type-page","status-publish","hentry"],"_links":{"self":[{"href":"https:\/\/ergotherapie-in-flensburg.de\/index.php\/wp-json\/wp\/v2\/pages\/21","targetHints":{"allow":["GET"]}}],"collection":[{"href":"https:\/\/ergotherapie-in-flensburg.de\/index.php\/wp-json\/wp\/v2\/pages"}],"about":[{"href":"https:\/\/ergotherapie-in-flensburg.de\/index.php\/wp-json\/wp\/v2\/types\/page"}],"author":[{"embeddable":true,"href":"https:\/\/ergotherapie-in-flensburg.de\/index.php\/wp-json\/wp\/v2\/users\/5"}],"replies":[{"embeddable":true,"href":"https:\/\/ergotherapie-in-flensburg.de\/index.php\/wp-json\/wp\/v2\/comments?post=21"}],"version-history":[{"count":59,"href":"https:\/\/ergotherapie-in-flensburg.de\/index.php\/wp-json\/wp\/v2\/pages\/21\/revisions"}],"predecessor-version":[{"id":2780,"href":"https:\/\/ergotherapie-in-flensburg.de\/index.php\/wp-json\/wp\/v2\/pages\/21\/revisions\/2780"}],"wp:attachment":[{"href":"https:\/\/ergotherapie-in-flensburg.de\/index.php\/wp-json\/wp\/v2\/media?parent=21"}],"curies":[{"name":"wp","href":"https:\/\/api.w.org\/{rel}","templated":true}]}}