{"id":22,"date":"2017-08-07T17:42:27","date_gmt":"2017-08-07T15:42:27","guid":{"rendered":"http:\/\/ergotherapie-in-flensburg.de\/?page_id=22"},"modified":"2024-11-04T16:53:42","modified_gmt":"2024-11-04T15:53:42","slug":"links","status":"publish","type":"page","link":"https:\/\/ergotherapie-in-flensburg.de\/index.php\/links\/","title":{"rendered":"Links"},"content":{"rendered":"<div class=\"body\">\n<h1 class=\"page-title\" style=\"font-size: 16pt;\">Interessante Links<\/h1>\n<h5>Allgemein<\/h5>\n<ul>\n<li><a href=\"https:\/\/www.mindfield.de\">https:\/\/www.mindfield.de<\/a> &#8211; Die Firma Mindfield bietet viele Biofeedback und Neurofeedback Ger\u00e4te, Software und Zubeh\u00f6r<\/li>\n<li><a href=\"http:\/\/www.gesundheitsinformation.de\">www.gesundheitsinformation.de<\/a> &#8211; vom Institut f\u00fcr Qualit\u00e4t und Wirtschaftlichkeit im Gesundheitswesen<\/li>\n<li><a href=\"http:\/\/www.ebm-netzwerk.de\">www.ebm-netzwerk.de<\/a> &#8211; Deutsches Netzwerk evidenzbasierte Medizin e.V.<\/li>\n<li><a href=\"http:\/\/www.dve.info\/\">www.dve.info\/<\/a> &#8211; Deutscher Berufsverband der Ergotherapeuten<\/li>\n<\/ul>\n<p><strong>ADHS\/ ADS<\/strong><\/p>\n<ul>\n<li><a href=\"http:\/\/www.zentrales-adhs-netz.de\">www.zentrales-adhs-netz.de<\/a> &#8211; Ein bundesweites Netzwerk zur Verbesserung der Versorgung von Kindern, Jugendlichen und Erwachsenen mit Aufmerksamkeitsdefizit- \/ Hyperaktivit\u00e4tsst\u00f6rungen (ADHS)<\/li>\n<li><a href=\"http:\/\/www.adhs.info\">www.adhs.info<\/a> &#8211; Unabh\u00e4ngige Informationen rund um das Thema ADHS f\u00fcr Eltern von Kindern und Jugendlichen mit ADHS. Dar\u00fcber hinaus haben sind f\u00fcr betroffene Kinder, Jugendliche und Erwachsene spezifische Informationen zusammengestellt.<\/li>\n<li><a href=\"http:\/\/www.agadhs.de\">www.agadhs.de<\/a> &#8211; Arbeitsgemeinschaft ADHS der Kinder- und Jugend\u00e4rzte<\/li>\n<\/ul>\n<p><strong>Depression<\/strong><\/p>\n<ul>\n<li><a href=\"http:\/\/www.deutsche-depressionshilfe.de\">http:\/\/www.deutsche-depressionshilfe.de<\/a> &#8211; Zentrales Ziel der Stiftung Deutsche Depressionshilfe ist die Verbesserung der Situation depressiv erkrankter Menschen<\/li>\n<\/ul>\n<p><strong>Demenz<\/strong><\/p>\n<ul>\n<li><a href=\"http:\/\/www.deutsche-alzheimer.de\">www.deutsche-alzheimer.de<\/a> &#8211; Die Deutsche Alzheimer Gesellschaft und ihre Mitgliedsgesellschaften sind Selbsthilfeorganisationen. Sie setzen sich bundesweit f\u00fcr die Verbesserung der Situation der Demenzkranken und ihrer Familien ein.<\/li>\n<li><a href=\"http:\/\/www.konfetti-im-kopf.de\">www.konfetti-im-kopf.de<\/a> &#8211; Aufmerksamkeit und Bewusstsein schaffen f\u00fcr Menschen mit Demenz<\/li>\n<\/ul>\n<p><strong>Gesundheit in der Region\/Hilfsangebote<\/strong><\/p>\n<ul>\n<li><a href=\"https:\/\/www.dein-ads.de\/startseite\">https:\/\/www.dein-ads.de\/startseite<\/a><\/li>\n<li><a href=\"https:\/\/lichtblick-flensburg.de\/\">https:\/\/lichtblick-flensburg.de\/<\/a><\/li>\n<li><a href=\"https:\/\/www.suchthilfe-fl.de\/\">https:\/\/www.suchthilfe-fl.de\/<\/a><\/li>\n<li><a href=\"https:\/\/www.frauenmantel-flensburg.de\/\">https:\/\/www.frauenmantel-flensburg.de\/<\/a><\/li>\n<li><a href=\"https:\/\/www.bruecke-flensburg.de\/\">https:\/\/www.bruecke-flensburg.de\/<\/a><\/li>\n<li><a href=\"https:\/\/www.telefonseelsorge.de\/\">https:\/\/www.telefonseelsorge.de\/<\/a><\/li>\n<\/ul>\n<\/div>\n","protected":false},"excerpt":{"rendered":"<p>Interessante Links Allgemein https:\/\/www.mindfield.de &#8211; Die Firma Mindfield bietet viele Biofeedback und Neurofeedback Ger\u00e4te, Software und Zubeh\u00f6r www.gesundheitsinformation.de &#8211; vom Institut f\u00fcr Qualit\u00e4t und Wirtschaftlichkeit im Gesundheitswesen www.ebm-netzwerk.de &#8211; Deutsches &#8230;<\/p>\n","protected":false},"author":5,"featured_media":0,"parent":0,"menu_order":0,"comment_status":"closed","ping_status":"closed","template":"","meta":{"footnotes":""},"class_list":["post-22","page","type-page","status-publish","hentry"],"_links":{"self":[{"href":"https:\/\/ergotherapie-in-flensburg.de\/index.php\/wp-json\/wp\/v2\/pages\/22","targetHints":{"allow":["GET"]}}],"collection":[{"href":"https:\/\/ergotherapie-in-flensburg.de\/index.php\/wp-json\/wp\/v2\/pages"}],"about":[{"href":"https:\/\/ergotherapie-in-flensburg.de\/index.php\/wp-json\/wp\/v2\/types\/page"}],"author":[{"embeddable":true,"href":"https:\/\/ergotherapie-in-flensburg.de\/index.php\/wp-json\/wp\/v2\/users\/5"}],"replies":[{"embeddable":true,"href":"https:\/\/ergotherapie-in-flensburg.de\/index.php\/wp-json\/wp\/v2\/comments?post=22"}],"version-history":[{"count":11,"href":"https:\/\/ergotherapie-in-flensburg.de\/index.php\/wp-json\/wp\/v2\/pages\/22\/revisions"}],"predecessor-version":[{"id":2768,"href":"https:\/\/ergotherapie-in-flensburg.de\/index.php\/wp-json\/wp\/v2\/pages\/22\/revisions\/2768"}],"wp:attachment":[{"href":"https:\/\/ergotherapie-in-flensburg.de\/index.php\/wp-json\/wp\/v2\/media?parent=22"}],"curies":[{"name":"wp","href":"https:\/\/api.w.org\/{rel}","templated":true}]}}