{"id":2475,"date":"2023-03-22T11:06:02","date_gmt":"2023-03-22T10:06:02","guid":{"rendered":"https:\/\/ergotherapie-in-flensburg.de\/?page_id=2475"},"modified":"2023-03-23T12:31:44","modified_gmt":"2023-03-23T11:31:44","slug":"annika-gerdau","status":"publish","type":"page","link":"https:\/\/ergotherapie-in-flensburg.de\/index.php\/team\/annika-gerdau\/","title":{"rendered":"Annika Gerdau"},"content":{"rendered":"<p><img loading=\"lazy\" decoding=\"async\" class=\"alignnone size-medium wp-image-2280\" src=\"https:\/\/ergotherapie-in-flensburg.de\/wp-content\/uploads\/2019\/12\/annika-square-lo-300x300.jpg\" alt=\"\" width=\"300\" height=\"300\" srcset=\"https:\/\/ergotherapie-in-flensburg.de\/wp-content\/uploads\/2019\/12\/annika-square-lo-300x300.jpg 300w, https:\/\/ergotherapie-in-flensburg.de\/wp-content\/uploads\/2019\/12\/annika-square-lo-150x150.jpg 150w, https:\/\/ergotherapie-in-flensburg.de\/wp-content\/uploads\/2019\/12\/annika-square-lo-768x768.jpg 768w, https:\/\/ergotherapie-in-flensburg.de\/wp-content\/uploads\/2019\/12\/annika-square-lo-1024x1024.jpg 1024w, https:\/\/ergotherapie-in-flensburg.de\/wp-content\/uploads\/2019\/12\/annika-square-lo-100x100.jpg 100w, https:\/\/ergotherapie-in-flensburg.de\/wp-content\/uploads\/2019\/12\/annika-square-lo.jpg 1920w\" sizes=\"auto, (max-width: 300px) 100vw, 300px\" \/><\/p>\n<h5><strong>Annika Gerdau<\/strong><\/h5>\n<p>Examinierte Ergotherapeutin und Praxisinhaberin.<\/p>\n<p>Schwerpunkte in den Bereichen Skillstraining, Achtsamkeit und Stressbew\u00e4ltigung.<\/p>\n<p>Trainierin der w\u00f6chentlich stattfindenden Skillsgruppe f\u00fcr Erwachsene.<\/p>\n<p>Aktuell in der Weiterbildung als Trainierin f\u00fcr Achtsamkeit, Resilienz und Selbstmitgef\u00fchl beim DFME (Deutsches Zentrum f\u00fcr Achtsamkeit)<\/p>\n<p><strong>Ausschlie\u00dflich in der Praxis t\u00e4tig.<\/strong><\/p>\n<p>&nbsp;<\/p>\n","protected":false},"excerpt":{"rendered":"<p>Annika Gerdau Examinierte Ergotherapeutin und Praxisinhaberin. Schwerpunkte in den Bereichen Skillstraining, Achtsamkeit und Stressbew\u00e4ltigung. Trainierin der w\u00f6chentlich stattfindenden Skillsgruppe f\u00fcr Erwachsene. Aktuell in der Weiterbildung als Trainierin f\u00fcr Achtsamkeit, Resilienz &#8230;<\/p>\n","protected":false},"author":5,"featured_media":0,"parent":1248,"menu_order":0,"comment_status":"closed","ping_status":"closed","template":"","meta":{"footnotes":""},"class_list":["post-2475","page","type-page","status-publish","hentry"],"_links":{"self":[{"href":"https:\/\/ergotherapie-in-flensburg.de\/index.php\/wp-json\/wp\/v2\/pages\/2475","targetHints":{"allow":["GET"]}}],"collection":[{"href":"https:\/\/ergotherapie-in-flensburg.de\/index.php\/wp-json\/wp\/v2\/pages"}],"about":[{"href":"https:\/\/ergotherapie-in-flensburg.de\/index.php\/wp-json\/wp\/v2\/types\/page"}],"author":[{"embeddable":true,"href":"https:\/\/ergotherapie-in-flensburg.de\/index.php\/wp-json\/wp\/v2\/users\/5"}],"replies":[{"embeddable":true,"href":"https:\/\/ergotherapie-in-flensburg.de\/index.php\/wp-json\/wp\/v2\/comments?post=2475"}],"version-history":[{"count":6,"href":"https:\/\/ergotherapie-in-flensburg.de\/index.php\/wp-json\/wp\/v2\/pages\/2475\/revisions"}],"predecessor-version":[{"id":2501,"href":"https:\/\/ergotherapie-in-flensburg.de\/index.php\/wp-json\/wp\/v2\/pages\/2475\/revisions\/2501"}],"up":[{"embeddable":true,"href":"https:\/\/ergotherapie-in-flensburg.de\/index.php\/wp-json\/wp\/v2\/pages\/1248"}],"wp:attachment":[{"href":"https:\/\/ergotherapie-in-flensburg.de\/index.php\/wp-json\/wp\/v2\/media?parent=2475"}],"curies":[{"name":"wp","href":"https:\/\/api.w.org\/{rel}","templated":true}]}}