{"id":277,"date":"2017-07-21T09:50:02","date_gmt":"2017-07-21T07:50:02","guid":{"rendered":"http:\/\/ergotherapie-in-flensburg.de\/?page_id=277"},"modified":"2026-02-20T18:05:12","modified_gmt":"2026-02-20T17:05:12","slug":"home","status":"publish","type":"page","link":"https:\/\/ergotherapie-in-flensburg.de\/","title":{"rendered":"Startseite"},"content":{"rendered":"<h5><img loading=\"lazy\" decoding=\"async\" class=\"alignnone wp-image-2664\" src=\"https:\/\/ergotherapie-in-flensburg.de\/wp-content\/uploads\/2024\/10\/Banner-Startseite-300x150.png\" alt=\"\" width=\"756\" height=\"378\" srcset=\"https:\/\/ergotherapie-in-flensburg.de\/wp-content\/uploads\/2024\/10\/Banner-Startseite-300x150.png 300w, https:\/\/ergotherapie-in-flensburg.de\/wp-content\/uploads\/2024\/10\/Banner-Startseite.png 680w\" sizes=\"auto, (max-width: 756px) 100vw, 756px\" \/><\/h5>\n<h5>Hier finden Sie eine \u00dcbersicht \u00fcber unsere Therapieformen, klicken Sie auf die Bilder, um mehr zu erfahren.<\/h5>\n<p><!-- Flexbox Container f\u00fcr jedes Element --><\/p>\n<div class=\"therapy-section\"><a href=\"https:\/\/ergotherapie-in-flensburg.de\/index.php\/skillstraining\/\"><br \/>\n<img decoding=\"async\" class=\"therapy-image\" src=\"https:\/\/ergotherapie-in-flensburg.de\/wp-content\/uploads\/2024\/10\/Skills-300x300.png\" alt=\"Skillstraining\" \/><br \/>\n<\/a><br \/>\n<strong>Skillstraining, z.B. bei Borderline, Depression und Angstst\u00f6rungen.<\/strong><br \/>\nSkillstraining, oder Fertigkeitentraining, bezieht sich auf die gezielte Vermittlung von F\u00e4higkeiten, die Einzelpersonen helfen, mit bestimmten Herausforderungen umzugehen oder ihre Lebensqualit\u00e4t zu verbessern.<\/div>\n<div class=\"therapy-section\"><a href=\"https:\/\/ergotherapie-in-flensburg.de\/index.php\/neurofeedback\/\"><br \/>\n<img decoding=\"async\" class=\"therapy-image\" src=\"https:\/\/ergotherapie-in-flensburg.de\/wp-content\/uploads\/2024\/10\/Achtsamkeit-300x300.png\" alt=\"Neurofeedback\" \/><br \/>\n<\/a><br \/>\n<strong>Neurofeedback, z.B. bei AD(H)S, Zw\u00e4ngen und Tinnitus.<\/strong><br \/>\nNeurofeedback ist eine Form der Biofeedback-Therapie, bei der die Aktivit\u00e4t des Gehirns in Echtzeit \u00fcberwacht und dem Patienten zur\u00fcckgemeldet wird. Ziel ist es, dem Patienten zu helfen, seine Gehirnwellenmuster zu regulieren und zu ver\u00e4ndern.<\/div>\n<div class=\"therapy-section\"><a href=\"https:\/\/ergotherapie-in-flensburg.de\/index.php\/metakognitives-training\/\"><br \/>\n<img decoding=\"async\" class=\"therapy-image\" src=\"https:\/\/ergotherapie-in-flensburg.de\/wp-content\/uploads\/2024\/10\/meta-300x300.png\" alt=\"Metakognitives Training\" \/><br \/>\n<\/a><br \/>\n<strong>Metakognitives Training (MKT) bei Depressionen und Borderline.<\/strong><br \/>\nMetakognitives Training bezieht sich auf Methoden, die darauf abzielen, das metakognitive Wissen und die F\u00e4higkeiten einer Person zu verbessern.<\/div>\n<div class=\"therapy-section\"><a href=\"https:\/\/ergotherapie-in-flensburg.de\/index.php\/orthopaedie\/\"><br \/>\n<img decoding=\"async\" class=\"therapy-image\" src=\"https:\/\/ergotherapie-in-flensburg.de\/wp-content\/uploads\/2024\/10\/handtherapie-300x300.png\" alt=\"Handtherapie\" \/><br \/>\n<\/a><br \/>\n<strong>Neurologie und Handtherapie.<\/strong><br \/>\nDie Handtherapie wird in der Ergotherapie oft mit neurologischen Erkrankungen kombiniert, um die Handfunktion zu f\u00f6rdern und die Selbstst\u00e4ndigkeit im Alltag zu verbessern.<\/div>\n<div class=\"therapy-section\"><a href=\"https:\/\/ergotherapie-in-flensburg.de\/index.php\/tiergestuetzte-therapie\/\"><br \/>\n<img decoding=\"async\" class=\"therapy-image\" src=\"https:\/\/ergotherapie-in-flensburg.de\/wp-content\/uploads\/2024\/10\/tiertherapie-300x300.png\" alt=\"Tiergest\u00fctzte Therapie\" \/><br \/>\n<\/a><br \/>\n<strong>Tiergest\u00fctzte Therapie, z.B. bei neurologischen Erkrankungen.<\/strong><br \/>\nTiergest\u00fctzte Therapie wird eingesetzt, um Patienten mit verschiedenen Erkrankungen zu unterst\u00fctzen.<\/div>\n<div class=\"therapy-section\"><a href=\"https:\/\/ergotherapie-in-flensburg.de\/index.php\/gestaltungstherapie\/\"><br \/>\n<img decoding=\"async\" class=\"therapy-image\" src=\"https:\/\/ergotherapie-in-flensburg.de\/wp-content\/uploads\/2024\/10\/handwerk_zwei-300x300.png\" alt=\"Kreatives Handwerk\" \/><br \/>\n<\/a><br \/>\n<strong>Kreatives Handwerk mit unterschiedlichsten Materialien.<\/strong><br \/>\nKreatives Handwerk f\u00f6rdert physische, kognitive und emotionale F\u00e4higkeiten durch Aktivit\u00e4ten wie Malen, T\u00f6pfern oder Stricken.<\/div>\n<p><!-- Style f\u00fcr mobile Anpassungen und Mouseover-Effekt --><\/p>\n<style>\n  .therapy-section {<br \/>\n    display: flex;<br \/>\n    flex-wrap: wrap;<br \/>\n    align-items: center;<br \/>\n    margin-bottom: 20px;<br \/>\n  }<\/p>\n<p>  .therapy-section img {<br \/>\n    width: 100%;<br \/>\n    max-width: 300px;<br \/>\n    height: auto;<br \/>\n    transition: transform 0.3s ease, box-shadow 0.3s ease;<br \/>\n  }<\/p>\n<p>  .therapy-section img:hover {<br \/>\n    transform: scale(1.05); \/* Bild leicht vergr\u00f6\u00dfern *\/<br \/>\n    box-shadow: 0px 4px 15px rgba(0, 0, 0, 0.2); \/* Schattierung hinzuf\u00fcgen *\/<br \/>\n  }<\/p>\n<p>  .therapy-section p {<br \/>\n    margin-left: 20px;<br \/>\n    flex: 1;<br \/>\n  }<\/p>\n<p>  @media (max-width: 768px) {<br \/>\n    .therapy-section {<br \/>\n      flex-direction: column;<br \/>\n    }<\/p>\n<p>    .therapy-section p {<br \/>\n      margin-left: 0;<br \/>\n      margin-right: 0;<br \/>\n    }<\/p>\n<p>    .therapy-section img {<br \/>\n      margin-bottom: 10px;<br \/>\n    }<br \/>\n  }<br \/>\n<\/style>\n","protected":false},"excerpt":{"rendered":"<p>Hier finden Sie eine \u00dcbersicht \u00fcber unsere Therapieformen, klicken Sie auf die Bilder, um mehr zu erfahren. Skillstraining, z.B. bei Borderline, Depression und Angstst\u00f6rungen. Skillstraining, oder Fertigkeitentraining, bezieht sich auf &#8230;<\/p>\n","protected":false},"author":5,"featured_media":0,"parent":0,"menu_order":0,"comment_status":"closed","ping_status":"closed","template":"","meta":{"footnotes":""},"class_list":["post-277","page","type-page","status-publish","hentry"],"_links":{"self":[{"href":"https:\/\/ergotherapie-in-flensburg.de\/index.php\/wp-json\/wp\/v2\/pages\/277","targetHints":{"allow":["GET"]}}],"collection":[{"href":"https:\/\/ergotherapie-in-flensburg.de\/index.php\/wp-json\/wp\/v2\/pages"}],"about":[{"href":"https:\/\/ergotherapie-in-flensburg.de\/index.php\/wp-json\/wp\/v2\/types\/page"}],"author":[{"embeddable":true,"href":"https:\/\/ergotherapie-in-flensburg.de\/index.php\/wp-json\/wp\/v2\/users\/5"}],"replies":[{"embeddable":true,"href":"https:\/\/ergotherapie-in-flensburg.de\/index.php\/wp-json\/wp\/v2\/comments?post=277"}],"version-history":[{"count":164,"href":"https:\/\/ergotherapie-in-flensburg.de\/index.php\/wp-json\/wp\/v2\/pages\/277\/revisions"}],"predecessor-version":[{"id":2479,"href":"https:\/\/ergotherapie-in-flensburg.de\/index.php\/wp-json\/wp\/v2\/pages\/277\/revisions\/2479"}],"wp:attachment":[{"href":"https:\/\/ergotherapie-in-flensburg.de\/index.php\/wp-json\/wp\/v2\/media?parent=277"}],"curies":[{"name":"wp","href":"https:\/\/api.w.org\/{rel}","templated":true}]}}