{"id":339,"date":"2017-08-21T16:29:34","date_gmt":"2017-08-21T14:29:34","guid":{"rendered":"http:\/\/ergotherapie-in-flensburg.de\/?page_id=339"},"modified":"2017-09-06T15:26:12","modified_gmt":"2017-09-06T13:26:12","slug":"multiple-sklerose","status":"publish","type":"page","link":"https:\/\/ergotherapie-in-flensburg.de\/index.php\/multiple-sklerose\/","title":{"rendered":"Multiple Sklerose"},"content":{"rendered":"<style type=\"text\/css\">\n.seitenleiste{position: absolute; width: 16em;font-size:10pt; padding-top:3.6em;}\n.navstyle{font-size: 10pt; letter-spacing: 1pt}\n.body{padding-left: 19em;}\na{font-weight:600}\n<\/style>\n<div class=\"seitenleiste\">\n<h1 class=\"page-title navstyle\" >wir k\u00f6nnen helfen bei folgenden Symptomen<\/h1>\n<ul>\n<li>Spastik<\/li>\n<li>Ataxie<\/li>\n<li>Tremor<\/li>\n<li>Fatigue<\/li>\n<li>Kognitive St\u00f6rungen<\/li>\n<li>Depression<\/li>\n<li>Sensibilit\u00e4tsst\u00f6rungen<\/li>\n<li>Schmerzen<\/li>\n<li>Schlafst\u00f6rungen<\/li>\n<li><a href=\"http:\/\/ergotherapie-in-flensburg.de\/index.php\/kontinenztraining\/\">Inkontinenz<\/a><\/li>\n<li>Osteoporose<\/li>\n<\/ul>\n<\/div>\n<div class=\"body\">\n<h1 class=\"page-title\" style=\"font-size: 16pt;letter-spacing:0.5pt\">Multiple Sklerose<\/h1>\n<p>Die Multiple Sklerose (MS) ist eine entz\u00fcndliche Erkrankung des Nervensystems, die ganz unterschiedlich verlaufen kann und meist im fr\u00fchen Erwachsenenalter beginnt. Aufgrund der sehr unterschiedlichen Krankheitsbilder und Verl\u00e4ufe nennt man MS auch die Krankheit der 1000 Gesichter. Eine Vorhersage des individuellen Verlaufs zu treffen ist in der Regel nicht m\u00f6glich. In vielen F\u00e4llen haben jedoch Beeintr\u00e4chtigungen wie Fatigue, Spastik, Tremor und Sensibilit\u00e4tsst\u00f6rungen kleinere oder gr\u00f6\u00dfere Auswirkungen auf den Alltag. Nicht selten entwickeln Betroffene in Folge auch eine reaktive Depression.<\/p>\n<p>Die Ergotherapie bei der Diagnose Multiple Sklerose hat das Ziel, trotz dieser Beeintr\u00e4chtigungen eine m\u00f6glichst weitgehende Teilhabe am Leben wieder zu erm\u00f6glichen.<\/p>\n<h5>Bei diesen Zielen sind unsere Therapien hilfreich<\/h5>\n<li>Mobilit\u00e4t bewahren<\/li>\n<li>Selbstversorgung sichern<\/li>\n<li>Arbeitsstelle erhalten<\/li>\n<li>Freizeit genie\u00dfen<\/li>\n<li>Hobbies nachgehen<\/li>\n<li>Kontakte pflegen<\/li>\n<li>Mit Partner und Familie leben<\/li>\n<li>Urlaub machen<\/li>\n<h5>Unsere Therapiebausteine sind u.a.<\/h5>\n<li>Krafttraining<\/li>\n<li><a href=\"http:\/\/ergotherapie-in-flensburg.de\/index.php\/schwingungs-vibrotraining\/\">Schwingungstraining<\/a><\/li>\n<li>Geh- und Bewegungstraining<\/li>\n<li>Laufbandtraining<\/li>\n<li>Feinmotorisches Training<\/li>\n<li>ADL-Training<\/li>\n<li>Entspannungsverfahren<\/li>\n<li>Atembasierte Entspannung<\/li>\n<li>Autogenes Training (Grundstufe)<\/li>\n<li>Progressive Muskelentspannung<\/li>\n<li>Achtsamkeitsyoga<\/li>\n<li>Body Scan<\/li>\n<li>Stressbew\u00e4ltigung<\/li>\n<li><a href=\"http:\/\/ergotherapie-in-flensburg.de\/index.php\/biofeedback\/\">Biofeedback<\/a><\/li>\n<li><a href=\"http:\/\/ergotherapie-in-flensburg.de\/index.php\/neurofeedback\/\">Neurofeedback<\/a><\/li>\n<li>Neuromuskul\u00e4re Redukation<\/li>\n<li>Computergest\u00fctztes neurokognitives Training mit CogniPlus (Hirnleistungstraining)<\/li>\n<li>Hilfsmittelberatung<\/li>\n<li>Beratung zur Wohnraumanpassung<\/li>\n<li>Beratung f\u00fcr ergonomisches Arbeiten und Anpassung des Arbeitsplatzes (falls n\u00f6tig)<\/li>\n<\/div>\n","protected":false},"excerpt":{"rendered":"<p>wir k\u00f6nnen helfen bei folgenden Symptomen Spastik Ataxie Tremor Fatigue Kognitive St\u00f6rungen Depression Sensibilit\u00e4tsst\u00f6rungen Schmerzen Schlafst\u00f6rungen Inkontinenz Osteoporose Multiple Sklerose Die Multiple Sklerose (MS) ist eine entz\u00fcndliche Erkrankung des Nervensystems, &#8230;<\/p>\n","protected":false},"author":5,"featured_media":0,"parent":0,"menu_order":0,"comment_status":"closed","ping_status":"closed","template":"","meta":{"footnotes":""},"class_list":["post-339","page","type-page","status-publish","hentry"],"_links":{"self":[{"href":"https:\/\/ergotherapie-in-flensburg.de\/index.php\/wp-json\/wp\/v2\/pages\/339","targetHints":{"allow":["GET"]}}],"collection":[{"href":"https:\/\/ergotherapie-in-flensburg.de\/index.php\/wp-json\/wp\/v2\/pages"}],"about":[{"href":"https:\/\/ergotherapie-in-flensburg.de\/index.php\/wp-json\/wp\/v2\/types\/page"}],"author":[{"embeddable":true,"href":"https:\/\/ergotherapie-in-flensburg.de\/index.php\/wp-json\/wp\/v2\/users\/5"}],"replies":[{"embeddable":true,"href":"https:\/\/ergotherapie-in-flensburg.de\/index.php\/wp-json\/wp\/v2\/comments?post=339"}],"version-history":[{"count":11,"href":"https:\/\/ergotherapie-in-flensburg.de\/index.php\/wp-json\/wp\/v2\/pages\/339\/revisions"}],"predecessor-version":[{"id":794,"href":"https:\/\/ergotherapie-in-flensburg.de\/index.php\/wp-json\/wp\/v2\/pages\/339\/revisions\/794"}],"wp:attachment":[{"href":"https:\/\/ergotherapie-in-flensburg.de\/index.php\/wp-json\/wp\/v2\/media?parent=339"}],"curies":[{"name":"wp","href":"https:\/\/api.w.org\/{rel}","templated":true}]}}