{"id":395,"date":"2017-08-22T10:29:16","date_gmt":"2017-08-22T08:29:16","guid":{"rendered":"http:\/\/ergotherapie-in-flensburg.de\/?page_id=395"},"modified":"2023-04-02T20:40:34","modified_gmt":"2023-04-02T18:40:34","slug":"orthopaedie","status":"publish","type":"page","link":"https:\/\/ergotherapie-in-flensburg.de\/index.php\/orthopaedie\/","title":{"rendered":"Orthop\u00e4die &#038; Handtherapie"},"content":{"rendered":"<div class=\"seitenleiste\">\n<h3 class=\"page-title navstyle\">Therapie bei<\/h3>\n<ul>\n<li><a href=\"http:\/\/ergotherapie-in-flensburg.de\/index.php\/amputation\/\">Amputationen<\/a><\/li>\n<li><a href=\"http:\/\/ergotherapie-in-flensburg.de\/index.php\/arthrose\/\">Arthrose<\/a><\/li>\n<li>Degenerative Muskelerkrankungen (<a href=\"http:\/\/ergotherapie-in-flensburg.de\/index.php\/als\/\">ALS<\/a>, <a href=\"http:\/\/ergotherapie-in-flensburg.de\/index.php\/multiple-sklerose\/\">MS<\/a>)<\/li>\n<li><a href=\"http:\/\/ergotherapie-in-flensburg.de\/index.php\/morbus-dupuytren\/\">Morbus Dupuytren<\/a><\/li>\n<li><a href=\"http:\/\/ergotherapie-in-flensburg.de\/index.php\/m-sudeck-crps-sympathische-reflexdystrophie\/\">M. Sudeck (sympathische Reflexdystrophie)<\/a><\/li>\n<li><a href=\"http:\/\/ergotherapie-in-flensburg.de\/index.php\/muskeldystrophie\/\">Muskeldystrophie<\/a><\/li>\n<li><a href=\"http:\/\/ergotherapie-in-flensburg.de\/index.php\/rheumatische-erkrankungen\/\">Rheumatischen Erkrankungen<\/a><\/li>\n<li><a href=\"http:\/\/ergotherapie-in-flensburg.de\/index.php\/wirbelsaeulenerkrankungen\/\">Wirbels\u00e4ulenerkrankungen<\/a><\/li>\n<li>Verletzungen der Hand<\/li>\n<\/ul>\n<\/div>\n<div class=\"body\">\n<h3 class=\"page-title\" style=\"font-size: 16pt;\">Orthop\u00e4die und Handtherapie<\/h3>\n<p>Das Grundziel der Ergotherapie im Bereich der Orthop\u00e4die bzw. Handtherapie ist im Wesentlichen mit die Milderung der k\u00f6rperlichen Folgen Ihrer Erkrankung. Das Ziel ist, Ihnen ein Maximum an Lebensqualit\u00e4t zu sichern und eine gr\u00f6\u00dftm\u00f6gliche Selbst\u00e4ndigkeit in allen Bereichen der pers\u00f6nlichen, h\u00e4uslichen und beruflichen Lebensf\u00fchrung zu erreichen.<\/p>\n<p>Weitere Ziele sind beispielsweise auch die Erweiterung des Bewegungsma\u00dfes der Patienten, die Kr\u00e4ftigung der Muskulatur und die Normalisierung der Geschicklichkeit. Hierzu geh\u00f6ren auch die Feinmotorik und Koordination der H\u00e4nde und speziell der Finger. Bei gesch\u00e4digten Nerven wird auch darauf abgezielt, die Sensibilit\u00e4t wieder herzustellen. Durch die Ergotherapie im medizinischen Bereich der Orthop\u00e4die kann ein Ein\u00fcben von schmerzarmen und schonenden Bewegungsabl\u00e4ufen mit den Patienten praktiziert werden.<\/p>\n<p>Ist eine volle Wiederherstellung nicht mehr m\u00f6glich, entwickelt die Ergotherapie Strategien, um Ihr Defizit auszugleichen. Sie lernen bei uns den Umgang mit Hilfsmitteln wie Prothesen, Handschienen und Haushaltshilfen.<\/p>\n<h5>Eine ergotherapeutischen Behandlung beinhaltet:<\/h5>\n<ul>\n<li>\u00dcbungen zur Beweglichkeit, Muskelkraft, Ausdauer, Belastbarkeit und Sensibilit\u00e4t<\/li>\n<li>Narbenbehandlung<\/li>\n<li>Manuelle Mobilisation<\/li>\n<li>Biofeedbackgest\u00fctzte Mobilisation<\/li>\n<li>Abh\u00e4rtung von Amputationsst\u00fcmpfen und Training mit der Prothese<\/li>\n<li>Umtrainieren der Gebrauchshand \/ H\u00e4ndigkeit<\/li>\n<li>Training von Alltagsaktivit\u00e4ten im Hinblick auf die pers\u00f6nliche, h\u00e4usliche und berufliche Selbst\u00e4ndigkeit<\/li>\n<li>Beratung und Training zum Gelenkschutz<\/li>\n<li>Beratung bzgl. geeigneter Hilfsmittel und \u00c4nderungen im Wohnumfeld<\/li>\n<\/ul>\n<p>In der Regel wird mit einer ausf\u00fchrlichen Befunderhebung begonnen, danach wird der Therapieplan individuell f\u00fcr Sie aufgebaut, um Ihre bestm\u00f6gliche Integration in das allt\u00e4gliche oder neue Umfeld und eine gr\u00f6\u00dftm\u00f6gliche Selbst\u00e4ndigkeit zu erreichen.<\/p>\n<p>F\u00fcr diese Ziele wenden wir verschiedene Behandlungstechniken an, wie z.B. Bobath, Affolter, Spiegeltherapie, <a href=\"http:\/\/ergotherapie-in-flensburg.de\/index.php\/biofeedback\/\">Biofeedback<\/a>, thermische Anwendungen, Sensibilit\u00e4tstraining, handwerkliche T\u00e4tigkeiten u.a.<\/p>\n<\/div>\n","protected":false},"excerpt":{"rendered":"<p>Therapie bei Amputationen Arthrose Degenerative Muskelerkrankungen (ALS, MS) Morbus Dupuytren M. Sudeck (sympathische Reflexdystrophie) Muskeldystrophie Rheumatischen Erkrankungen Wirbels\u00e4ulenerkrankungen Verletzungen der Hand Orthop\u00e4die und Handtherapie Das Grundziel der Ergotherapie im Bereich &#8230;<\/p>\n","protected":false},"author":5,"featured_media":0,"parent":0,"menu_order":0,"comment_status":"closed","ping_status":"closed","template":"","meta":{"footnotes":""},"class_list":["post-395","page","type-page","status-publish","hentry"],"_links":{"self":[{"href":"https:\/\/ergotherapie-in-flensburg.de\/index.php\/wp-json\/wp\/v2\/pages\/395","targetHints":{"allow":["GET"]}}],"collection":[{"href":"https:\/\/ergotherapie-in-flensburg.de\/index.php\/wp-json\/wp\/v2\/pages"}],"about":[{"href":"https:\/\/ergotherapie-in-flensburg.de\/index.php\/wp-json\/wp\/v2\/types\/page"}],"author":[{"embeddable":true,"href":"https:\/\/ergotherapie-in-flensburg.de\/index.php\/wp-json\/wp\/v2\/users\/5"}],"replies":[{"embeddable":true,"href":"https:\/\/ergotherapie-in-flensburg.de\/index.php\/wp-json\/wp\/v2\/comments?post=395"}],"version-history":[{"count":29,"href":"https:\/\/ergotherapie-in-flensburg.de\/index.php\/wp-json\/wp\/v2\/pages\/395\/revisions"}],"predecessor-version":[{"id":2604,"href":"https:\/\/ergotherapie-in-flensburg.de\/index.php\/wp-json\/wp\/v2\/pages\/395\/revisions\/2604"}],"wp:attachment":[{"href":"https:\/\/ergotherapie-in-flensburg.de\/index.php\/wp-json\/wp\/v2\/media?parent=395"}],"curies":[{"name":"wp","href":"https:\/\/api.w.org\/{rel}","templated":true}]}}