{"id":66,"date":"2017-08-16T11:15:06","date_gmt":"2017-08-16T09:15:06","guid":{"rendered":"http:\/\/ergotherapie-in-flensburg.de\/?page_id=66"},"modified":"2024-11-04T17:15:18","modified_gmt":"2024-11-04T16:15:18","slug":"neurologische-erkrankungen","status":"publish","type":"page","link":"https:\/\/ergotherapie-in-flensburg.de\/index.php\/neurologische-erkrankungen\/","title":{"rendered":"Neurologische Erkrankungen"},"content":{"rendered":"<div class=\"seitenleiste\">\n<h3 class=\"page-title navstyle\">Therapeutische Behandlung bei<\/h3>\n<ul>\n<li><a href=\"http:\/\/ergotherapie-in-flensburg.de\/index.php\/als\/\">ALS (Amyotrophe Lateralsklerose)<\/a><\/li>\n<li><a href=\"http:\/\/ergotherapie-in-flensburg.de\/index.php\/chronische-schmerzen\/\">chronischen Schmerzen (R\u00fcckenschmerzen)<\/a><\/li>\n<li><a href=\"http:\/\/ergotherapie-in-flensburg.de\/index.php\/demenz\/\">Demenz<\/a><\/li>\n<li><a href=\"http:\/\/ergotherapie-in-flensburg.de\/index.php\/epilepsie\/\">Epilepsie<\/a><\/li>\n<li><a href=\"http:\/\/ergotherapie-in-flensburg.de\/index.php\/migraene\/\">Migr\u00e4ne<\/a><\/li>\n<li><a href=\"http:\/\/ergotherapie-in-flensburg.de\/index.php\/multiple-sklerose\/\">Multipler Sklerose<\/a><\/li>\n<li><a href=\"http:\/\/ergotherapie-in-flensburg.de\/index.php\/m-sudeck-crps-sympathische-reflexdystrophie\/\">M. Sudeck (CRPS, Sympathische Reflexdystrophie)<\/a><\/li>\n<li><a href=\"http:\/\/ergotherapie-in-flensburg.de\/index.php\/schlaganfall\/\">Schlaganfall<\/a><\/li>\n<li><a href=\"http:\/\/ergotherapie-in-flensburg.de\/index.php\/schaedel-hirn-trauma\/\">Sch\u00e4del-Hirn-Trauma<\/a><\/li>\n<li><a href=\"http:\/\/ergotherapie-in-flensburg.de\/index.php\/parkinson-2\/\">Parkinson<\/a><\/li>\n<li><a href=\"http:\/\/ergotherapie-in-flensburg.de\/index.php\/periphere-nervenschaedigung\/\">periphere Nervensch\u00e4digungen<\/a><\/li>\n<li><a href=\"http:\/\/ergotherapie-in-flensburg.de\/index.php\/querschnittslaehmung\/\">Querschnittsl\u00e4hmung<\/a><\/li>\n<\/ul>\n<\/div>\n<div class=\"body\">\n<h3 class=\"page-title\" style=\"font-size: 16pt;\">Neurologische Erkrankungen<\/h3>\n<p>Die Therapie bei neurologischen Erkrankungen hat das Ziel eine m\u00f6glichst weitgehende Wiederherstellung der gewohnten Teilhabe am Leben zu erreichen. Dies beinhaltet alle individuellen allt\u00e4glichen Verrichtungen, zwischenmenschliche Beziehungen, Freizeitgestaltung und das Berufsleben.<\/p>\n<p>Sehr oft ist dies nur eingeschr\u00e4nkt erreichbar, Erkrankungen des zentralen Nervensystems weisen oft sehr komplexe St\u00f6rungsbilder auf, die sich nur langsam und oft nicht mehr vollst\u00e4ndig zur\u00fcckbilden. In diesen F\u00e4llen ist manchmal bereits eine Verlangsamung eines sich st\u00e4ndig verschlechternden Prozesses ein Erfolg;\u00a0 in anderen F\u00e4llen gelingt es eine fast vollst\u00e4ndige Handlungsf\u00e4higkeit herzustellen. Die Therapie beinhaltet,\u00a0 beeintr\u00e4chtigte oder verlorengegangene F\u00e4higkeiten zu verbessern und wenn dies nur begrenzt m\u00f6glich ist, sollen mit den vorhandenen F\u00e4higkeiten und adaptiven Verfahren das gr\u00f6\u00dftm\u00f6gliche Ausma\u00df an Teilhabe am Leben erreicht werden.<\/p>\n<h5>Unsere ergotherapeutische Behandlung umfasst<\/h5>\n<ul>\n<li>Training von Alltagsaktivit\u00e4ten im Hinblick auf die pers\u00f6nliche h\u00e4usliche und\/ oder berufliche Selbst\u00e4ndigkeit<\/li>\n<li>Beratung f\u00fcr geeignete Hilfsmittel und Erprobung dieser in Hinblick auf den h\u00e4uslichen bzw. beruflichen Alltag<\/li>\n<li>Angeh\u00f6rigenberatung<\/li>\n<li>Bahnen von physiologischen Bewegungsabl\u00e4ufen zum Erhalt und zur F\u00f6rderung der sensomotorisch-perzeptiven M\u00f6glichkeiten<\/li>\n<li>Verbesserung der zentral bedingten St\u00f6rungen von Grob- und Feinmotorik, Sensibilit\u00e4t, Gleichgewichtsfunktionen und Koordination<\/li>\n<li>F\u00f6rderung der kognitiven F\u00e4higkeiten wie Aufmerksamkeit, Konzentration, Merkf\u00e4higkeit, Reaktion und Ged\u00e4chtnis, um die Handlungskompetenz zu verbessern<\/li>\n<li>Entwicklung u. F\u00f6rderung der sozio-emotionalen F\u00e4higkeiten wie z.B. emotionale Steuerung und Kommunikation<\/li>\n<\/ul>\n<p>In der Regel wird mit einer ausf\u00fchrlichen Befunderhebung begonnen, danach wird der Therapieplan individuell f\u00fcr den Patienten aufgebaut, um seine bestm\u00f6gliche Integration in das allt\u00e4gliche oder neue Umfeld und eine gr\u00f6\u00dftm\u00f6gliche Selbst\u00e4ndigkeit zu erreichen.<\/p>\n<p>F\u00fcr diese Ziele wenden wir verschiedene Behandlungstechniken an, wie z.B. Bobath, <a href=\"http:\/\/ergotherapie-in-flensburg.de\/index.php\/tiergestuetzte-therapie\/\">tiergest\u00fctzte Therapie<\/a>, <a href=\"http:\/\/ergotherapie-in-flensburg.de\/index.php\/neurofeedback\/\">Neurofeedback<\/a>, <a href=\"http:\/\/ergotherapie-in-flensburg.de\/index.php\/schwingungs-vibrotraining\/\">Vibrationstraining<\/a>, Laufbandtraining, Hirnleistungstraining, Wahrnehmungsf\u00f6rderung in Anlehnung an basale Stimulation, Spiegeltherapie, thermische Anwendungen, Sensibilit\u00e4tstraining u.a.<\/p>\n<\/div>\n","protected":false},"excerpt":{"rendered":"<p>Therapeutische Behandlung bei ALS (Amyotrophe Lateralsklerose) chronischen Schmerzen (R\u00fcckenschmerzen) Demenz Epilepsie Migr\u00e4ne Multipler Sklerose M. Sudeck (CRPS, Sympathische Reflexdystrophie) Schlaganfall Sch\u00e4del-Hirn-Trauma Parkinson periphere Nervensch\u00e4digungen Querschnittsl\u00e4hmung Neurologische Erkrankungen Die Therapie bei &#8230;<\/p>\n","protected":false},"author":5,"featured_media":0,"parent":0,"menu_order":0,"comment_status":"closed","ping_status":"closed","template":"","meta":{"footnotes":""},"class_list":["post-66","page","type-page","status-publish","hentry"],"_links":{"self":[{"href":"https:\/\/ergotherapie-in-flensburg.de\/index.php\/wp-json\/wp\/v2\/pages\/66","targetHints":{"allow":["GET"]}}],"collection":[{"href":"https:\/\/ergotherapie-in-flensburg.de\/index.php\/wp-json\/wp\/v2\/pages"}],"about":[{"href":"https:\/\/ergotherapie-in-flensburg.de\/index.php\/wp-json\/wp\/v2\/types\/page"}],"author":[{"embeddable":true,"href":"https:\/\/ergotherapie-in-flensburg.de\/index.php\/wp-json\/wp\/v2\/users\/5"}],"replies":[{"embeddable":true,"href":"https:\/\/ergotherapie-in-flensburg.de\/index.php\/wp-json\/wp\/v2\/comments?post=66"}],"version-history":[{"count":63,"href":"https:\/\/ergotherapie-in-flensburg.de\/index.php\/wp-json\/wp\/v2\/pages\/66\/revisions"}],"predecessor-version":[{"id":2774,"href":"https:\/\/ergotherapie-in-flensburg.de\/index.php\/wp-json\/wp\/v2\/pages\/66\/revisions\/2774"}],"wp:attachment":[{"href":"https:\/\/ergotherapie-in-flensburg.de\/index.php\/wp-json\/wp\/v2\/media?parent=66"}],"curies":[{"name":"wp","href":"https:\/\/api.w.org\/{rel}","templated":true}]}}