{"id":915,"date":"2017-09-19T10:40:51","date_gmt":"2017-09-19T08:40:51","guid":{"rendered":"http:\/\/ergotherapie-in-flensburg.de\/?page_id=915"},"modified":"2019-02-11T21:12:06","modified_gmt":"2019-02-11T20:12:06","slug":"depression","status":"publish","type":"page","link":"https:\/\/ergotherapie-in-flensburg.de\/index.php\/depression\/","title":{"rendered":"Depression"},"content":{"rendered":"<style type=\"text\/css\">\n.seitenleiste{position: absolute; width: 16em;font-size:10pt; padding-top:3.5em;}\n.navstyle{font-size: 10pt; letter-spacing: 1pt}\n.body{padding-left: 19em;}\na{font-weight:600}\n<\/style>\n<div class=\"seitenleiste\">\n<h1 class=\"page-title navstyle\" >Ursache<\/h1>\n<p><a href=\"http:\/\/ergotherapie-in-flensburg.de\/index.php\/stress\/\">Stress<\/a><\/p>\n<h1 class=\"page-title navstyle\" >Wir bieten therapeutische Behandlungen bei<\/h1>\n<ul>\n<li><a href=\"http:\/\/ergotherapie-in-flensburg.de\/index.php\/depression\/\">Depressionen<\/a><\/li>\n<li><a href=\"http:\/\/ergotherapie-in-flensburg.de\/index.php\/angstoerungen\/\">Angsterkrankungen<\/a><\/li>\n<li><a href=\"http:\/\/ergotherapie-in-flensburg.de\/index.php\/suchterkrankungen\/\">Abh\u00e4ngigkeitserkrankungen<\/a><\/li>\n<li><a href=\"http:\/\/ergotherapie-in-flensburg.de\/index.php\/schizophrenie\/\">Schizophrenie<\/a><\/li>\n<li><a href=\"http:\/\/ergotherapie-in-flensburg.de\/index.php\/manie\/\">Manie<\/a><\/li>\n<li><a href=\"http:\/\/ergotherapie-in-flensburg.de\/index.php\/bipolar-affektive-stoerung\/\">Manisch-depressive Erkrankungen (Bipolare affektive Erkrankungen)<\/a><\/li>\n<li><a href=\"http:\/\/ergotherapie-in-flensburg.de\/index.php\/persoenlichkeitsstoerung\/\">Pers\u00f6nlichkeitsst\u00f6rungen<\/a><\/li>\n<li><a href=\"http:\/\/ergotherapie-in-flensburg.de\/index.php\/zwangserkrankung\/\">Zwangserkrankungen<\/a><\/li>\n<li><a href=\"http:\/\/ergotherapie-in-flensburg.de\/index.php\/schmerzstoerungen\/\">Somatisierungs- \/ Schmerzst\u00f6rungen<\/a><\/li>\n<li><a href=\"http:\/\/ergotherapie-in-flensburg.de\/index.php\/hyperaktivitaet\/\">ADHS\/ ADS bei Kindern und Erwachsenen<\/a><\/li>\n<\/ul>\n<\/div>\n<div class=\"body\">\n<h1 class=\"page-title\" style=\"font-size: 16pt;\">Depression<\/h1>\n<h5 style=\"padding-top:0.1em\">Was sind Depression?<\/h5>\n<div>Eine Depression ist eine psychische Erkrankung, die sich in zahlreichen Beschwerden \u00e4u\u00dfern kann. <br \/>\nEine anhaltende gedr\u00fcckte Stimmung, eine Hemmung von Antrieb und Denken, Interessenverlust sowie vielf\u00e4ltige k\u00f6rperliche Symptome, <br \/>\ndie von Schlaflosigkeit \u00fcber Appetitst\u00f6rungen bis hin zu Schmerzzust\u00e4nden reichen, sind m\u00f6gliche Anzeichen einer Depression. <br \/>\nDie Mehrheit der Betroffenen hegt fr\u00fcher oder sp\u00e4ter Suizidgedanken. In Deutschland leiden sch\u00e4tzungsweise 5% der Bev\u00f6lkerung, d.h. etwa 4 Millionen Menschen, <br \/>\naktuell an einer Depression. Pro Jahr erkranken etwa 1 bis 2 Personen von 100 neu. Depressive Episoden kommen in jedem Lebensalter vor, <br \/>\nder Erkrankungsgipfel liegt zwischen dem 30. und 40. Lebensjahr. Nach aktuellen Studien erkranken aber viele Patienten erstmals schon vor dem 30. Lebensjahr.<br \/>\nDie Wahrscheinlichkeit im Laufe des Lebens eine Depression zu entwickeln, betr\u00e4gt zwischen 7 und 18%. Frauen sind etwa doppelt so h\u00e4ufig wie M\u00e4nner betroffen. <br \/>\n(<a href=\"www.neurologen-und-psychiater-im-netz.org\" target=\"_blank\">www.neurologen-und-psychiater-im-netz.org<\/a>)\n<\/div>\n<p><\/p>\n<div>\n<h4>Wir bieten<\/h4>\n<ul>\n<li>Metakognitives Training bei Depression<\/li>\n<li>Achtsamkeitstraining<\/li>\n<li>Neurofeedback<\/li>\n<\/ul>\n<\/div>\n","protected":false},"excerpt":{"rendered":"<p>Ursache Stress Wir bieten therapeutische Behandlungen bei Depressionen Angsterkrankungen Abh\u00e4ngigkeitserkrankungen Schizophrenie Manie Manisch-depressive Erkrankungen (Bipolare affektive Erkrankungen) Pers\u00f6nlichkeitsst\u00f6rungen Zwangserkrankungen Somatisierungs- \/ Schmerzst\u00f6rungen ADHS\/ ADS bei Kindern und Erwachsenen Depression Was &#8230;<\/p>\n","protected":false},"author":5,"featured_media":0,"parent":0,"menu_order":0,"comment_status":"closed","ping_status":"closed","template":"","meta":{"footnotes":""},"class_list":["post-915","page","type-page","status-publish","hentry"],"_links":{"self":[{"href":"https:\/\/ergotherapie-in-flensburg.de\/index.php\/wp-json\/wp\/v2\/pages\/915","targetHints":{"allow":["GET"]}}],"collection":[{"href":"https:\/\/ergotherapie-in-flensburg.de\/index.php\/wp-json\/wp\/v2\/pages"}],"about":[{"href":"https:\/\/ergotherapie-in-flensburg.de\/index.php\/wp-json\/wp\/v2\/types\/page"}],"author":[{"embeddable":true,"href":"https:\/\/ergotherapie-in-flensburg.de\/index.php\/wp-json\/wp\/v2\/users\/5"}],"replies":[{"embeddable":true,"href":"https:\/\/ergotherapie-in-flensburg.de\/index.php\/wp-json\/wp\/v2\/comments?post=915"}],"version-history":[{"count":6,"href":"https:\/\/ergotherapie-in-flensburg.de\/index.php\/wp-json\/wp\/v2\/pages\/915\/revisions"}],"predecessor-version":[{"id":1309,"href":"https:\/\/ergotherapie-in-flensburg.de\/index.php\/wp-json\/wp\/v2\/pages\/915\/revisions\/1309"}],"wp:attachment":[{"href":"https:\/\/ergotherapie-in-flensburg.de\/index.php\/wp-json\/wp\/v2\/media?parent=915"}],"curies":[{"name":"wp","href":"https:\/\/api.w.org\/{rel}","templated":true}]}}