{"id":919,"date":"2017-09-19T10:42:50","date_gmt":"2017-09-19T08:42:50","guid":{"rendered":"http:\/\/ergotherapie-in-flensburg.de\/?page_id=919"},"modified":"2017-09-19T10:53:02","modified_gmt":"2017-09-19T08:53:02","slug":"gedaechtnisstoerungen","status":"publish","type":"page","link":"https:\/\/ergotherapie-in-flensburg.de\/index.php\/gedaechtnisstoerungen\/","title":{"rendered":"Ged\u00e4chtnisst\u00f6rungen"},"content":{"rendered":"<style type=\"text\/css\">\n.seitenleiste{position: absolute; width: 16em;font-size:10pt; padding-top:3.5em;}\n.navstyle{font-size: 10pt; letter-spacing: 1pt}\n.body{padding-left: 19em;}\na{font-weight:600}\n<\/style>\n<div class=\"seitenleiste\">\n<h1 class=\"page-title navstyle\" >Seitennavigation<\/h1>\n<\/div>\n<div class=\"body\">\n<h1 class=\"page-title\" style=\"font-size: 16pt;\">Ged\u00e4chtnisst\u00f6rungen<\/h1>\n<h5 style=\"padding-top:0.1em\">Was sind Ged\u00e4chtnisst\u00f6rungen<\/h5>\n<p>Diese Seite wird derzeit noch bearbeitet\n<\/p><\/div>\n","protected":false},"excerpt":{"rendered":"<p>Seitennavigation Ged\u00e4chtnisst\u00f6rungen Was sind Ged\u00e4chtnisst\u00f6rungen Diese Seite wird derzeit noch bearbeitet<\/p>\n","protected":false},"author":5,"featured_media":0,"parent":0,"menu_order":0,"comment_status":"closed","ping_status":"closed","template":"","meta":{"footnotes":""},"class_list":["post-919","page","type-page","status-publish","hentry"],"_links":{"self":[{"href":"https:\/\/ergotherapie-in-flensburg.de\/index.php\/wp-json\/wp\/v2\/pages\/919","targetHints":{"allow":["GET"]}}],"collection":[{"href":"https:\/\/ergotherapie-in-flensburg.de\/index.php\/wp-json\/wp\/v2\/pages"}],"about":[{"href":"https:\/\/ergotherapie-in-flensburg.de\/index.php\/wp-json\/wp\/v2\/types\/page"}],"author":[{"embeddable":true,"href":"https:\/\/ergotherapie-in-flensburg.de\/index.php\/wp-json\/wp\/v2\/users\/5"}],"replies":[{"embeddable":true,"href":"https:\/\/ergotherapie-in-flensburg.de\/index.php\/wp-json\/wp\/v2\/comments?post=919"}],"version-history":[{"count":2,"href":"https:\/\/ergotherapie-in-flensburg.de\/index.php\/wp-json\/wp\/v2\/pages\/919\/revisions"}],"predecessor-version":[{"id":944,"href":"https:\/\/ergotherapie-in-flensburg.de\/index.php\/wp-json\/wp\/v2\/pages\/919\/revisions\/944"}],"wp:attachment":[{"href":"https:\/\/ergotherapie-in-flensburg.de\/index.php\/wp-json\/wp\/v2\/media?parent=919"}],"curies":[{"name":"wp","href":"https:\/\/api.w.org\/{rel}","templated":true}]}}