{"id":984,"date":"2017-09-19T11:16:06","date_gmt":"2017-09-19T09:16:06","guid":{"rendered":"http:\/\/ergotherapie-in-flensburg.de\/?page_id=984"},"modified":"2018-04-23T09:57:07","modified_gmt":"2018-04-23T07:57:07","slug":"zwangserkrankung","status":"publish","type":"page","link":"https:\/\/ergotherapie-in-flensburg.de\/index.php\/zwangserkrankung\/","title":{"rendered":"Zwangserkrankung"},"content":{"rendered":"<style type=\"text\/css\">\n.seitenleiste{position: absolute; width: 16em;font-size:10pt; padding-top:3.5em;}\n.navstyle{font-size: 10pt; letter-spacing: 1pt}\n.body{padding-left: 19em;}\na{font-weight:600}\n<\/style>\n<div class=\"seitenleiste\">\n<h1 class=\"page-title navstyle\" >Seitennavigation<\/h1>\n<\/div>\n<div class=\"body\">\n<h1 class=\"page-title\" style=\"font-size: 16pt;\">Zwangserkrankungen<\/h1>\n<h5 style=\"padding-top:0.1em\">Was sind Zwangserkrankungen<\/h5>\n<p>Die Zwangserkrankung ist mit 2 bis 3 % in der Bev\u00f6lkerung die vierth\u00e4ufigste psychische St\u00f6rung. Erste Symptome treten oft schon in der Kindheit oder Jugend auf. Bei 85% aller Betroffenen beginnt die Zwangserkrankung vor dem 30. Lebensjahr.<\/p>\n<p>Die Betroffenen sp\u00fcren immer wieder den Zwang, bestimmte Handlungen auszuf\u00fchren oder leiden an aufdringlichen Gedanken. Die Zwangshandlungen, Zwangsgedanken oder Zwangsimpulse werden von den Betroffenen als belastend und unsinnig empfunden, k\u00f6nnen aber nicht unterdr\u00fcckt werden. Bem\u00fchungen, diese Gedanken zu unterdr\u00fccken, bleiben erfolglos und steigern oft sogar ihre St\u00e4rke.<br \/>\nUnser Therapieansatz ist eine Kombination von metakognitivem Training, achtsamkeitsbasierten \u00dcbungen und Neurofeedback. Die  Betonung einzelner Bausteine ist individuell verschieden und wird mit dem Patienten gemeinsam entschieden.\n<\/p><\/div>\n","protected":false},"excerpt":{"rendered":"<p>Seitennavigation Zwangserkrankungen Was sind Zwangserkrankungen Die Zwangserkrankung ist mit 2 bis 3 % in der Bev\u00f6lkerung die vierth\u00e4ufigste psychische St\u00f6rung. Erste Symptome treten oft schon in der Kindheit oder Jugend &#8230;<\/p>\n","protected":false},"author":5,"featured_media":0,"parent":0,"menu_order":0,"comment_status":"closed","ping_status":"closed","template":"","meta":{"footnotes":""},"class_list":["post-984","page","type-page","status-publish","hentry"],"_links":{"self":[{"href":"https:\/\/ergotherapie-in-flensburg.de\/index.php\/wp-json\/wp\/v2\/pages\/984","targetHints":{"allow":["GET"]}}],"collection":[{"href":"https:\/\/ergotherapie-in-flensburg.de\/index.php\/wp-json\/wp\/v2\/pages"}],"about":[{"href":"https:\/\/ergotherapie-in-flensburg.de\/index.php\/wp-json\/wp\/v2\/types\/page"}],"author":[{"embeddable":true,"href":"https:\/\/ergotherapie-in-flensburg.de\/index.php\/wp-json\/wp\/v2\/users\/5"}],"replies":[{"embeddable":true,"href":"https:\/\/ergotherapie-in-flensburg.de\/index.php\/wp-json\/wp\/v2\/comments?post=984"}],"version-history":[{"count":3,"href":"https:\/\/ergotherapie-in-flensburg.de\/index.php\/wp-json\/wp\/v2\/pages\/984\/revisions"}],"predecessor-version":[{"id":1207,"href":"https:\/\/ergotherapie-in-flensburg.de\/index.php\/wp-json\/wp\/v2\/pages\/984\/revisions\/1207"}],"wp:attachment":[{"href":"https:\/\/ergotherapie-in-flensburg.de\/index.php\/wp-json\/wp\/v2\/media?parent=984"}],"curies":[{"name":"wp","href":"https:\/\/api.w.org\/{rel}","templated":true}]}}